{"id":495,"date":"2024-06-12T14:33:17","date_gmt":"2024-06-12T12:33:17","guid":{"rendered":"https:\/\/lecoindescouleurs.fr\/?page_id=495"},"modified":"2024-08-27T15:17:47","modified_gmt":"2024-08-27T13:17:47","slug":"showroom-conseil-decoration","status":"publish","type":"page","link":"https:\/\/lecoindescouleurs.fr\/index.php\/showroom-conseil-decoration\/","title":{"rendered":"Showroom"},"content":{"rendered":"\n<p>D\u00e9couvrez notre showroom chez Le Coin des Couleurs by FRP, o\u00f9 la magie des couleurs prend vie. Explorez nos meilleures peintures, finitions et combinaisons de couleurs dans un espace inspirant. Nos conseillers sont l\u00e0 pour vous offrir des conseils personnalis\u00e9s et vous aider \u00e0 concr\u00e9tiser vos projets de d\u00e9coration. Venez vous inspirer et transformer votre int\u00e9rieur avec style !<\/p>\n\n\n\n<p><\/p>\n\n\n\n<p><\/p>\n\n\n\n<div class=\"wp-block-group is-nowrap is-layout-flex wp-container-core-group-is-layout-ad2f72ca wp-block-group-is-layout-flex\">\n<figure class=\"wp-block-gallery has-nested-images columns-default is-cropped wp-block-gallery-1 is-layout-flex wp-block-gallery-is-layout-flex\">\n<figure class=\"wp-block-image size-large\"><img loading=\"lazy\" decoding=\"async\" width=\"683\" height=\"1024\" data-id=\"403\" src=\"https:\/\/lecoindescouleurs.fr\/wp-content\/uploads\/2024\/06\/A7D09573-683x1024.jpg\" alt=\"\" class=\"wp-image-403\" srcset=\"https:\/\/lecoindescouleurs.fr\/wp-content\/uploads\/2024\/06\/A7D09573-683x1024.jpg 683w, https:\/\/lecoindescouleurs.fr\/wp-content\/uploads\/2024\/06\/A7D09573-200x300.jpg 200w, https:\/\/lecoindescouleurs.fr\/wp-content\/uploads\/2024\/06\/A7D09573-768x1152.jpg 768w, https:\/\/lecoindescouleurs.fr\/wp-content\/uploads\/2024\/06\/A7D09573-1024x1536.jpg 1024w, https:\/\/lecoindescouleurs.fr\/wp-content\/uploads\/2024\/06\/A7D09573-1365x2048.jpg 1365w, https:\/\/lecoindescouleurs.fr\/wp-content\/uploads\/2024\/06\/A7D09573-scaled.jpg 1707w\" sizes=\"auto, (max-width: 683px) 100vw, 683px\" \/><\/figure>\n<\/figure>\n\n\n\n<figure class=\"wp-block-gallery has-nested-images columns-default is-cropped wp-block-gallery-2 is-layout-flex wp-block-gallery-is-layout-flex\">\n<figure class=\"wp-block-image size-large\"><img loading=\"lazy\" decoding=\"async\" width=\"1024\" height=\"683\" data-id=\"397\" src=\"https:\/\/lecoindescouleurs.fr\/wp-content\/uploads\/2024\/06\/A7D09576-1024x683.jpg\" alt=\"\" class=\"wp-image-397\" srcset=\"https:\/\/lecoindescouleurs.fr\/wp-content\/uploads\/2024\/06\/A7D09576-1024x683.jpg 1024w, https:\/\/lecoindescouleurs.fr\/wp-content\/uploads\/2024\/06\/A7D09576-300x200.jpg 300w, https:\/\/lecoindescouleurs.fr\/wp-content\/uploads\/2024\/06\/A7D09576-768x512.jpg 768w, https:\/\/lecoindescouleurs.fr\/wp-content\/uploads\/2024\/06\/A7D09576-1536x1024.jpg 1536w, https:\/\/lecoindescouleurs.fr\/wp-content\/uploads\/2024\/06\/A7D09576-2048x1365.jpg 2048w, https:\/\/lecoindescouleurs.fr\/wp-content\/uploads\/2024\/06\/A7D09576-930x620.jpg 930w\" sizes=\"auto, (max-width: 1024px) 100vw, 1024px\" \/><\/figure>\n\n\n\n<figure class=\"wp-block-image size-large\"><img loading=\"lazy\" decoding=\"async\" width=\"683\" height=\"1024\" data-id=\"389\" src=\"https:\/\/lecoindescouleurs.fr\/wp-content\/uploads\/2024\/06\/A7D09579-683x1024.jpg\" alt=\"\" class=\"wp-image-389\" srcset=\"https:\/\/lecoindescouleurs.fr\/wp-content\/uploads\/2024\/06\/A7D09579-683x1024.jpg 683w, https:\/\/lecoindescouleurs.fr\/wp-content\/uploads\/2024\/06\/A7D09579-200x300.jpg 200w, https:\/\/lecoindescouleurs.fr\/wp-content\/uploads\/2024\/06\/A7D09579-768x1152.jpg 768w, https:\/\/lecoindescouleurs.fr\/wp-content\/uploads\/2024\/06\/A7D09579-1024x1536.jpg 1024w, https:\/\/lecoindescouleurs.fr\/wp-content\/uploads\/2024\/06\/A7D09579-1365x2048.jpg 1365w, https:\/\/lecoindescouleurs.fr\/wp-content\/uploads\/2024\/06\/A7D09579-scaled.jpg 1707w\" sizes=\"auto, (max-width: 683px) 100vw, 683px\" \/><\/figure>\n\n\n\n<figure class=\"wp-block-image size-large\"><img loading=\"lazy\" decoding=\"async\" width=\"683\" height=\"1024\" data-id=\"378\" src=\"https:\/\/lecoindescouleurs.fr\/wp-content\/uploads\/2024\/06\/A7D09582-683x1024.jpg\" alt=\"\" class=\"wp-image-378\" srcset=\"https:\/\/lecoindescouleurs.fr\/wp-content\/uploads\/2024\/06\/A7D09582-683x1024.jpg 683w, https:\/\/lecoindescouleurs.fr\/wp-content\/uploads\/2024\/06\/A7D09582-200x300.jpg 200w, https:\/\/lecoindescouleurs.fr\/wp-content\/uploads\/2024\/06\/A7D09582-768x1152.jpg 768w, https:\/\/lecoindescouleurs.fr\/wp-content\/uploads\/2024\/06\/A7D09582-1024x1536.jpg 1024w, https:\/\/lecoindescouleurs.fr\/wp-content\/uploads\/2024\/06\/A7D09582-1365x2048.jpg 1365w, https:\/\/lecoindescouleurs.fr\/wp-content\/uploads\/2024\/06\/A7D09582-scaled.jpg 1707w\" sizes=\"auto, (max-width: 683px) 100vw, 683px\" \/><\/figure>\n\n\n\n<figure class=\"wp-block-image size-large\"><img loading=\"lazy\" decoding=\"async\" width=\"1024\" height=\"683\" data-id=\"391\" src=\"https:\/\/lecoindescouleurs.fr\/wp-content\/uploads\/2024\/06\/A7D09587-1024x683.jpg\" alt=\"\" class=\"wp-image-391\" srcset=\"https:\/\/lecoindescouleurs.fr\/wp-content\/uploads\/2024\/06\/A7D09587-1024x683.jpg 1024w, https:\/\/lecoindescouleurs.fr\/wp-content\/uploads\/2024\/06\/A7D09587-300x200.jpg 300w, https:\/\/lecoindescouleurs.fr\/wp-content\/uploads\/2024\/06\/A7D09587-768x512.jpg 768w, https:\/\/lecoindescouleurs.fr\/wp-content\/uploads\/2024\/06\/A7D09587-1536x1024.jpg 1536w, https:\/\/lecoindescouleurs.fr\/wp-content\/uploads\/2024\/06\/A7D09587-2048x1365.jpg 2048w, https:\/\/lecoindescouleurs.fr\/wp-content\/uploads\/2024\/06\/A7D09587-930x620.jpg 930w\" sizes=\"auto, (max-width: 1024px) 100vw, 1024px\" \/><\/figure>\n<\/figure>\n<\/div>\n\n\n\n<div style=\"height:100px\" aria-hidden=\"true\" class=\"wp-block-spacer\"><\/div>\n\n\n\n<div class=\"wp-block-buttons is-content-justification-center is-layout-flex wp-container-core-buttons-is-layout-16018d1d wp-block-buttons-is-layout-flex\">\n<div class=\"wp-block-button is-style-primary\"><a class=\"wp-block-button__link has-nv-site-bg-color has-text-color has-background has-link-color has-text-align-center wp-element-button\" href=\"https:\/\/lecoindescouleurs.fr\/index.php\/15c42-web-agency-gb-contact-us\/\" style=\"background-color:#749179\">Prendre Rendez-Vous<\/a><\/div>\n<\/div>\n\n\n\n<p><\/p>\n\n\n\n<p><\/p>\n\n\n\n<p><\/p>\n","protected":false},"excerpt":{"rendered":"<p>D\u00e9couvrez notre showroom chez Le Coin des Couleurs by FRP, o\u00f9 la magie des couleurs prend vie. Explorez nos meilleures peintures, finitions et combinaisons de couleurs dans un espace inspirant. Nos conseillers sont l\u00e0 pour vous offrir des conseils personnalis\u00e9s et vous aider \u00e0 concr\u00e9tiser vos projets de d\u00e9coration. Venez vous inspirer et transformer votre&hellip;&nbsp;<a href=\"https:\/\/lecoindescouleurs.fr\/index.php\/showroom-conseil-decoration\/\" class=\"\" rel=\"bookmark\">Read More &raquo;<span class=\"screen-reader-text\">Showroom<\/span><\/a><\/p>\n","protected":false},"author":1,"featured_media":380,"parent":0,"menu_order":0,"comment_status":"closed","ping_status":"closed","template":"","meta":{"_monsterinsights_skip_tracking":false,"_monsterinsights_sitenote_active":false,"_monsterinsights_sitenote_note":"","_monsterinsights_sitenote_category":0,"neve_meta_sidebar":"","neve_meta_container":"","neve_meta_enable_content_width":"","neve_meta_content_width":0,"neve_meta_title_alignment":"","neve_meta_author_avatar":"","neve_post_elements_order":"","neve_meta_disable_header":"","neve_meta_disable_footer":"","neve_meta_disable_title":"","_themeisle_gutenberg_block_has_review":false,"_ti_tpc_template_sync":false,"_ti_tpc_template_id":"","footnotes":""},"class_list":["post-495","page","type-page","status-publish","has-post-thumbnail","hentry"],"yoast_head":"<!-- This site is optimized with the Yoast SEO plugin v22.8 - https:\/\/yoast.com\/wordpress\/plugins\/seo\/ -->\n<title>Showroom -<\/title>\n<meta name=\"description\" content=\"D\u00e9couvrez notre showroom chez Le Coin des Couleurs, o\u00f9 la magie des couleurs prend vie dans un espace inspirant.\" \/>\n<meta name=\"robots\" content=\"index, follow, max-snippet:-1, max-image-preview:large, max-video-preview:-1\" \/>\n<link rel=\"canonical\" href=\"https:\/\/lecoindescouleurs.fr\/index.php\/showroom-conseil-decoration\/\" \/>\n<meta property=\"og:locale\" content=\"en_US\" \/>\n<meta property=\"og:type\" content=\"article\" \/>\n<meta property=\"og:title\" content=\"Showroom -\" \/>\n<meta property=\"og:description\" content=\"D\u00e9couvrez notre showroom chez Le Coin des Couleurs, o\u00f9 la magie des couleurs prend vie dans un espace inspirant.\" \/>\n<meta property=\"og:url\" content=\"https:\/\/lecoindescouleurs.fr\/index.php\/showroom-conseil-decoration\/\" \/>\n<meta property=\"article:modified_time\" content=\"2024-08-27T13:17:47+00:00\" \/>\n<meta property=\"og:image\" content=\"http:\/\/lecoindescouleurs.fr\/wp-content\/uploads\/2024\/06\/A7D09580-scaled.jpg\" \/>\n\t<meta property=\"og:image:width\" content=\"1707\" \/>\n\t<meta property=\"og:image:height\" content=\"2560\" \/>\n\t<meta property=\"og:image:type\" content=\"image\/jpeg\" \/>\n<meta name=\"twitter:card\" content=\"summary_large_image\" \/>\n<meta name=\"twitter:label1\" content=\"Est. reading time\" \/>\n\t<meta name=\"twitter:data1\" content=\"2 minutes\" \/>\n<script type=\"application\/ld+json\" class=\"yoast-schema-graph\">{\"@context\":\"https:\/\/schema.org\",\"@graph\":[{\"@type\":\"WebPage\",\"@id\":\"https:\/\/lecoindescouleurs.fr\/index.php\/showroom-conseil-decoration\/\",\"url\":\"https:\/\/lecoindescouleurs.fr\/index.php\/showroom-conseil-decoration\/\",\"name\":\"Showroom -\",\"isPartOf\":{\"@id\":\"https:\/\/lecoindescouleurs.fr\/#website\"},\"primaryImageOfPage\":{\"@id\":\"https:\/\/lecoindescouleurs.fr\/index.php\/showroom-conseil-decoration\/#primaryimage\"},\"image\":{\"@id\":\"https:\/\/lecoindescouleurs.fr\/index.php\/showroom-conseil-decoration\/#primaryimage\"},\"thumbnailUrl\":\"https:\/\/lecoindescouleurs.fr\/wp-content\/uploads\/2024\/06\/A7D09580-scaled.jpg\",\"datePublished\":\"2024-06-12T12:33:17+00:00\",\"dateModified\":\"2024-08-27T13:17:47+00:00\",\"description\":\"D\u00e9couvrez notre showroom chez Le Coin des Couleurs, o\u00f9 la magie des couleurs prend vie dans un espace inspirant.\",\"breadcrumb\":{\"@id\":\"https:\/\/lecoindescouleurs.fr\/index.php\/showroom-conseil-decoration\/#breadcrumb\"},\"inLanguage\":\"en-US\",\"potentialAction\":[{\"@type\":\"ReadAction\",\"target\":[\"https:\/\/lecoindescouleurs.fr\/index.php\/showroom-conseil-decoration\/\"]}]},{\"@type\":\"ImageObject\",\"inLanguage\":\"en-US\",\"@id\":\"https:\/\/lecoindescouleurs.fr\/index.php\/showroom-conseil-decoration\/#primaryimage\",\"url\":\"https:\/\/lecoindescouleurs.fr\/wp-content\/uploads\/2024\/06\/A7D09580-scaled.jpg\",\"contentUrl\":\"https:\/\/lecoindescouleurs.fr\/wp-content\/uploads\/2024\/06\/A7D09580-scaled.jpg\",\"width\":1707,\"height\":2560},{\"@type\":\"BreadcrumbList\",\"@id\":\"https:\/\/lecoindescouleurs.fr\/index.php\/showroom-conseil-decoration\/#breadcrumb\",\"itemListElement\":[{\"@type\":\"ListItem\",\"position\":1,\"name\":\"Accueil\",\"item\":\"https:\/\/lecoindescouleurs.fr\/\"},{\"@type\":\"ListItem\",\"position\":2,\"name\":\"Showroom\"}]},{\"@type\":\"WebSite\",\"@id\":\"https:\/\/lecoindescouleurs.fr\/#website\",\"url\":\"https:\/\/lecoindescouleurs.fr\/\",\"name\":\"\",\"description\":\"\",\"potentialAction\":[{\"@type\":\"SearchAction\",\"target\":{\"@type\":\"EntryPoint\",\"urlTemplate\":\"https:\/\/lecoindescouleurs.fr\/?s={search_term_string}\"},\"query-input\":\"required name=search_term_string\"}],\"inLanguage\":\"en-US\"}]}<\/script>\n<!-- \/ Yoast SEO plugin. -->","yoast_head_json":{"title":"Showroom -","description":"D\u00e9couvrez notre showroom chez Le Coin des Couleurs, o\u00f9 la magie des couleurs prend vie dans un espace inspirant.","robots":{"index":"index","follow":"follow","max-snippet":"max-snippet:-1","max-image-preview":"max-image-preview:large","max-video-preview":"max-video-preview:-1"},"canonical":"https:\/\/lecoindescouleurs.fr\/index.php\/showroom-conseil-decoration\/","og_locale":"en_US","og_type":"article","og_title":"Showroom -","og_description":"D\u00e9couvrez notre showroom chez Le Coin des Couleurs, o\u00f9 la magie des couleurs prend vie dans un espace inspirant.","og_url":"https:\/\/lecoindescouleurs.fr\/index.php\/showroom-conseil-decoration\/","article_modified_time":"2024-08-27T13:17:47+00:00","og_image":[{"width":1707,"height":2560,"url":"http:\/\/lecoindescouleurs.fr\/wp-content\/uploads\/2024\/06\/A7D09580-scaled.jpg","type":"image\/jpeg"}],"twitter_card":"summary_large_image","twitter_misc":{"Est. reading time":"2 minutes"},"schema":{"@context":"https:\/\/schema.org","@graph":[{"@type":"WebPage","@id":"https:\/\/lecoindescouleurs.fr\/index.php\/showroom-conseil-decoration\/","url":"https:\/\/lecoindescouleurs.fr\/index.php\/showroom-conseil-decoration\/","name":"Showroom -","isPartOf":{"@id":"https:\/\/lecoindescouleurs.fr\/#website"},"primaryImageOfPage":{"@id":"https:\/\/lecoindescouleurs.fr\/index.php\/showroom-conseil-decoration\/#primaryimage"},"image":{"@id":"https:\/\/lecoindescouleurs.fr\/index.php\/showroom-conseil-decoration\/#primaryimage"},"thumbnailUrl":"https:\/\/lecoindescouleurs.fr\/wp-content\/uploads\/2024\/06\/A7D09580-scaled.jpg","datePublished":"2024-06-12T12:33:17+00:00","dateModified":"2024-08-27T13:17:47+00:00","description":"D\u00e9couvrez notre showroom chez Le Coin des Couleurs, o\u00f9 la magie des couleurs prend vie dans un espace inspirant.","breadcrumb":{"@id":"https:\/\/lecoindescouleurs.fr\/index.php\/showroom-conseil-decoration\/#breadcrumb"},"inLanguage":"en-US","potentialAction":[{"@type":"ReadAction","target":["https:\/\/lecoindescouleurs.fr\/index.php\/showroom-conseil-decoration\/"]}]},{"@type":"ImageObject","inLanguage":"en-US","@id":"https:\/\/lecoindescouleurs.fr\/index.php\/showroom-conseil-decoration\/#primaryimage","url":"https:\/\/lecoindescouleurs.fr\/wp-content\/uploads\/2024\/06\/A7D09580-scaled.jpg","contentUrl":"https:\/\/lecoindescouleurs.fr\/wp-content\/uploads\/2024\/06\/A7D09580-scaled.jpg","width":1707,"height":2560},{"@type":"BreadcrumbList","@id":"https:\/\/lecoindescouleurs.fr\/index.php\/showroom-conseil-decoration\/#breadcrumb","itemListElement":[{"@type":"ListItem","position":1,"name":"Accueil","item":"https:\/\/lecoindescouleurs.fr\/"},{"@type":"ListItem","position":2,"name":"Showroom"}]},{"@type":"WebSite","@id":"https:\/\/lecoindescouleurs.fr\/#website","url":"https:\/\/lecoindescouleurs.fr\/","name":"","description":"","potentialAction":[{"@type":"SearchAction","target":{"@type":"EntryPoint","urlTemplate":"https:\/\/lecoindescouleurs.fr\/?s={search_term_string}"},"query-input":"required name=search_term_string"}],"inLanguage":"en-US"}]}},"_links":{"self":[{"href":"https:\/\/lecoindescouleurs.fr\/index.php\/wp-json\/wp\/v2\/pages\/495","targetHints":{"allow":["GET"]}}],"collection":[{"href":"https:\/\/lecoindescouleurs.fr\/index.php\/wp-json\/wp\/v2\/pages"}],"about":[{"href":"https:\/\/lecoindescouleurs.fr\/index.php\/wp-json\/wp\/v2\/types\/page"}],"author":[{"embeddable":true,"href":"https:\/\/lecoindescouleurs.fr\/index.php\/wp-json\/wp\/v2\/users\/1"}],"replies":[{"embeddable":true,"href":"https:\/\/lecoindescouleurs.fr\/index.php\/wp-json\/wp\/v2\/comments?post=495"}],"version-history":[{"count":5,"href":"https:\/\/lecoindescouleurs.fr\/index.php\/wp-json\/wp\/v2\/pages\/495\/revisions"}],"predecessor-version":[{"id":567,"href":"https:\/\/lecoindescouleurs.fr\/index.php\/wp-json\/wp\/v2\/pages\/495\/revisions\/567"}],"wp:featuredmedia":[{"embeddable":true,"href":"https:\/\/lecoindescouleurs.fr\/index.php\/wp-json\/wp\/v2\/media\/380"}],"wp:attachment":[{"href":"https:\/\/lecoindescouleurs.fr\/index.php\/wp-json\/wp\/v2\/media?parent=495"}],"curies":[{"name":"wp","href":"https:\/\/api.w.org\/{rel}","templated":true}]}}