{"id":511,"date":"2024-06-12T15:00:08","date_gmt":"2024-06-12T13:00:08","guid":{"rendered":"https:\/\/lecoindescouleurs.fr\/?page_id=511"},"modified":"2024-08-27T15:16:07","modified_gmt":"2024-08-27T13:16:07","slug":"notre-magasin","status":"publish","type":"page","link":"https:\/\/lecoindescouleurs.fr\/index.php\/notre-magasin\/","title":{"rendered":"Notre Magasin :"},"content":{"rendered":"\n<p>Chez Le Coin des Couleurs by FRP, nous sommes fiers de collaborer avec un r\u00e9seau exceptionnel de partenaires. Nous travaillons main dans la main avec des entreprises locales nationales et europ\u00e9ennes qui partagent notre passion pour la qualit\u00e9 et l&#8217;innovation.<\/p>\n\n\n\n<p> Nos partenaires sont Unikalo par le prisme de leur marque \u00e9cologique Na\u00e9, AREA 51, L\u2019Outil Parfait ainsi que Orac D\u00e9cor entre autres qui nous fournissent une large gamme de peintures de haute qualit\u00e9 et d&#8217;outils professionnels. Gr\u00e2ce \u00e0 ces collaborations, nous assurons la diffusion de produits performants et fiables. Ensemble, nous mettons en couleur le quotidien de nos clients, avec expertise et cr\u00e9ativit\u00e9.<\/p>\n\n\n\n<p><\/p>\n\n\n\n<figure class=\"wp-block-gallery has-nested-images columns-default is-cropped wp-block-gallery-1 is-layout-flex wp-block-gallery-is-layout-flex\">\n<figure class=\"wp-block-image size-large\"><img loading=\"lazy\" decoding=\"async\" width=\"1024\" height=\"683\" data-id=\"512\" src=\"https:\/\/lecoindescouleurs.fr\/wp-content\/uploads\/2024\/06\/A7D09613-1-1024x683.jpg\" alt=\"\" class=\"wp-image-512\" srcset=\"https:\/\/lecoindescouleurs.fr\/wp-content\/uploads\/2024\/06\/A7D09613-1-1024x683.jpg 1024w, https:\/\/lecoindescouleurs.fr\/wp-content\/uploads\/2024\/06\/A7D09613-1-300x200.jpg 300w, https:\/\/lecoindescouleurs.fr\/wp-content\/uploads\/2024\/06\/A7D09613-1-768x512.jpg 768w, https:\/\/lecoindescouleurs.fr\/wp-content\/uploads\/2024\/06\/A7D09613-1-1536x1024.jpg 1536w, https:\/\/lecoindescouleurs.fr\/wp-content\/uploads\/2024\/06\/A7D09613-1-2048x1365.jpg 2048w, https:\/\/lecoindescouleurs.fr\/wp-content\/uploads\/2024\/06\/A7D09613-1-930x620.jpg 930w\" sizes=\"auto, (max-width: 1024px) 100vw, 1024px\" \/><\/figure>\n\n\n\n<figure class=\"wp-block-image size-large\"><img loading=\"lazy\" decoding=\"async\" width=\"1024\" height=\"683\" data-id=\"513\" src=\"https:\/\/lecoindescouleurs.fr\/wp-content\/uploads\/2024\/06\/A7D09612-1-1024x683.jpg\" alt=\"\" class=\"wp-image-513\" srcset=\"https:\/\/lecoindescouleurs.fr\/wp-content\/uploads\/2024\/06\/A7D09612-1-1024x683.jpg 1024w, https:\/\/lecoindescouleurs.fr\/wp-content\/uploads\/2024\/06\/A7D09612-1-300x200.jpg 300w, https:\/\/lecoindescouleurs.fr\/wp-content\/uploads\/2024\/06\/A7D09612-1-768x512.jpg 768w, https:\/\/lecoindescouleurs.fr\/wp-content\/uploads\/2024\/06\/A7D09612-1-1536x1024.jpg 1536w, https:\/\/lecoindescouleurs.fr\/wp-content\/uploads\/2024\/06\/A7D09612-1-2048x1365.jpg 2048w, https:\/\/lecoindescouleurs.fr\/wp-content\/uploads\/2024\/06\/A7D09612-1-930x620.jpg 930w\" sizes=\"auto, (max-width: 1024px) 100vw, 1024px\" \/><\/figure>\n\n\n\n<figure class=\"wp-block-image size-large\"><img loading=\"lazy\" decoding=\"async\" width=\"1024\" height=\"683\" data-id=\"516\" src=\"https:\/\/lecoindescouleurs.fr\/wp-content\/uploads\/2024\/06\/A7D09608-1-1024x683.jpg\" alt=\"\" class=\"wp-image-516\" srcset=\"https:\/\/lecoindescouleurs.fr\/wp-content\/uploads\/2024\/06\/A7D09608-1-1024x683.jpg 1024w, https:\/\/lecoindescouleurs.fr\/wp-content\/uploads\/2024\/06\/A7D09608-1-300x200.jpg 300w, https:\/\/lecoindescouleurs.fr\/wp-content\/uploads\/2024\/06\/A7D09608-1-768x512.jpg 768w, https:\/\/lecoindescouleurs.fr\/wp-content\/uploads\/2024\/06\/A7D09608-1-1536x1024.jpg 1536w, https:\/\/lecoindescouleurs.fr\/wp-content\/uploads\/2024\/06\/A7D09608-1-2048x1365.jpg 2048w, https:\/\/lecoindescouleurs.fr\/wp-content\/uploads\/2024\/06\/A7D09608-1-930x620.jpg 930w\" sizes=\"auto, (max-width: 1024px) 100vw, 1024px\" \/><\/figure>\n\n\n\n<figure class=\"wp-block-image size-large\"><img loading=\"lazy\" decoding=\"async\" width=\"1024\" height=\"683\" data-id=\"517\" src=\"https:\/\/lecoindescouleurs.fr\/wp-content\/uploads\/2024\/06\/A7D09602-1-1024x683.jpg\" alt=\"\" class=\"wp-image-517\" srcset=\"https:\/\/lecoindescouleurs.fr\/wp-content\/uploads\/2024\/06\/A7D09602-1-1024x683.jpg 1024w, https:\/\/lecoindescouleurs.fr\/wp-content\/uploads\/2024\/06\/A7D09602-1-300x200.jpg 300w, https:\/\/lecoindescouleurs.fr\/wp-content\/uploads\/2024\/06\/A7D09602-1-768x512.jpg 768w, https:\/\/lecoindescouleurs.fr\/wp-content\/uploads\/2024\/06\/A7D09602-1-1536x1024.jpg 1536w, https:\/\/lecoindescouleurs.fr\/wp-content\/uploads\/2024\/06\/A7D09602-1-2048x1365.jpg 2048w, https:\/\/lecoindescouleurs.fr\/wp-content\/uploads\/2024\/06\/A7D09602-1-930x620.jpg 930w\" sizes=\"auto, (max-width: 1024px) 100vw, 1024px\" \/><\/figure>\n\n\n\n<figure class=\"wp-block-image size-large\"><img loading=\"lazy\" decoding=\"async\" width=\"1024\" height=\"683\" data-id=\"518\" src=\"https:\/\/lecoindescouleurs.fr\/wp-content\/uploads\/2024\/06\/A7D09604-1-1024x683.jpg\" alt=\"\" class=\"wp-image-518\" srcset=\"https:\/\/lecoindescouleurs.fr\/wp-content\/uploads\/2024\/06\/A7D09604-1-1024x683.jpg 1024w, https:\/\/lecoindescouleurs.fr\/wp-content\/uploads\/2024\/06\/A7D09604-1-300x200.jpg 300w, https:\/\/lecoindescouleurs.fr\/wp-content\/uploads\/2024\/06\/A7D09604-1-768x512.jpg 768w, https:\/\/lecoindescouleurs.fr\/wp-content\/uploads\/2024\/06\/A7D09604-1-1536x1024.jpg 1536w, https:\/\/lecoindescouleurs.fr\/wp-content\/uploads\/2024\/06\/A7D09604-1-2048x1365.jpg 2048w, https:\/\/lecoindescouleurs.fr\/wp-content\/uploads\/2024\/06\/A7D09604-1-930x620.jpg 930w\" sizes=\"auto, (max-width: 1024px) 100vw, 1024px\" \/><\/figure>\n\n\n\n<figure class=\"wp-block-image size-large\"><img loading=\"lazy\" decoding=\"async\" width=\"1024\" height=\"683\" data-id=\"520\" src=\"https:\/\/lecoindescouleurs.fr\/wp-content\/uploads\/2024\/06\/A7D09601-1-1024x683.jpg\" alt=\"\" class=\"wp-image-520\" srcset=\"https:\/\/lecoindescouleurs.fr\/wp-content\/uploads\/2024\/06\/A7D09601-1-1024x683.jpg 1024w, https:\/\/lecoindescouleurs.fr\/wp-content\/uploads\/2024\/06\/A7D09601-1-300x200.jpg 300w, https:\/\/lecoindescouleurs.fr\/wp-content\/uploads\/2024\/06\/A7D09601-1-768x512.jpg 768w, https:\/\/lecoindescouleurs.fr\/wp-content\/uploads\/2024\/06\/A7D09601-1-1536x1024.jpg 1536w, https:\/\/lecoindescouleurs.fr\/wp-content\/uploads\/2024\/06\/A7D09601-1-2048x1365.jpg 2048w, https:\/\/lecoindescouleurs.fr\/wp-content\/uploads\/2024\/06\/A7D09601-1-930x620.jpg 930w\" sizes=\"auto, (max-width: 1024px) 100vw, 1024px\" \/><\/figure>\n\n\n\n<figure class=\"wp-block-image size-large\"><img loading=\"lazy\" decoding=\"async\" width=\"1024\" height=\"683\" data-id=\"521\" src=\"https:\/\/lecoindescouleurs.fr\/wp-content\/uploads\/2024\/06\/A7D09599-1-1024x683.jpg\" alt=\"\" class=\"wp-image-521\" srcset=\"https:\/\/lecoindescouleurs.fr\/wp-content\/uploads\/2024\/06\/A7D09599-1-1024x683.jpg 1024w, https:\/\/lecoindescouleurs.fr\/wp-content\/uploads\/2024\/06\/A7D09599-1-300x200.jpg 300w, https:\/\/lecoindescouleurs.fr\/wp-content\/uploads\/2024\/06\/A7D09599-1-768x512.jpg 768w, https:\/\/lecoindescouleurs.fr\/wp-content\/uploads\/2024\/06\/A7D09599-1-1536x1024.jpg 1536w, https:\/\/lecoindescouleurs.fr\/wp-content\/uploads\/2024\/06\/A7D09599-1-2048x1365.jpg 2048w, https:\/\/lecoindescouleurs.fr\/wp-content\/uploads\/2024\/06\/A7D09599-1-930x620.jpg 930w\" sizes=\"auto, (max-width: 1024px) 100vw, 1024px\" \/><\/figure>\n\n\n\n<figure class=\"wp-block-image size-large\"><img loading=\"lazy\" decoding=\"async\" width=\"1024\" height=\"683\" data-id=\"522\" src=\"https:\/\/lecoindescouleurs.fr\/wp-content\/uploads\/2024\/06\/A7D09596-1-1024x683.jpg\" alt=\"\" class=\"wp-image-522\" srcset=\"https:\/\/lecoindescouleurs.fr\/wp-content\/uploads\/2024\/06\/A7D09596-1-1024x683.jpg 1024w, https:\/\/lecoindescouleurs.fr\/wp-content\/uploads\/2024\/06\/A7D09596-1-300x200.jpg 300w, https:\/\/lecoindescouleurs.fr\/wp-content\/uploads\/2024\/06\/A7D09596-1-768x512.jpg 768w, https:\/\/lecoindescouleurs.fr\/wp-content\/uploads\/2024\/06\/A7D09596-1-1536x1024.jpg 1536w, https:\/\/lecoindescouleurs.fr\/wp-content\/uploads\/2024\/06\/A7D09596-1-2048x1365.jpg 2048w, https:\/\/lecoindescouleurs.fr\/wp-content\/uploads\/2024\/06\/A7D09596-1-930x620.jpg 930w\" sizes=\"auto, (max-width: 1024px) 100vw, 1024px\" \/><\/figure>\n\n\n\n<figure class=\"wp-block-image size-large\"><img loading=\"lazy\" decoding=\"async\" width=\"683\" height=\"1024\" data-id=\"523\" src=\"https:\/\/lecoindescouleurs.fr\/wp-content\/uploads\/2024\/06\/A7D09597-1-683x1024.jpg\" alt=\"\" class=\"wp-image-523\" srcset=\"https:\/\/lecoindescouleurs.fr\/wp-content\/uploads\/2024\/06\/A7D09597-1-683x1024.jpg 683w, https:\/\/lecoindescouleurs.fr\/wp-content\/uploads\/2024\/06\/A7D09597-1-200x300.jpg 200w, https:\/\/lecoindescouleurs.fr\/wp-content\/uploads\/2024\/06\/A7D09597-1-768x1152.jpg 768w, https:\/\/lecoindescouleurs.fr\/wp-content\/uploads\/2024\/06\/A7D09597-1-1024x1536.jpg 1024w, https:\/\/lecoindescouleurs.fr\/wp-content\/uploads\/2024\/06\/A7D09597-1-1365x2048.jpg 1365w, https:\/\/lecoindescouleurs.fr\/wp-content\/uploads\/2024\/06\/A7D09597-1-scaled.jpg 1707w\" sizes=\"auto, (max-width: 683px) 100vw, 683px\" \/><\/figure>\n<\/figure>\n\n\n\n<p><\/p>\n\n\n\n<p><\/p>\n\n\n\n<p><\/p>\n\n\n\n<p><\/p>\n","protected":false},"excerpt":{"rendered":"<p>Chez Le Coin des Couleurs by FRP, nous sommes fiers de collaborer avec un r\u00e9seau exceptionnel de partenaires. Nous travaillons main dans la main avec des entreprises locales nationales et europ\u00e9ennes qui partagent notre passion pour la qualit\u00e9 et l&#8217;innovation. Nos partenaires sont Unikalo par le prisme de leur marque \u00e9cologique Na\u00e9, AREA 51, L\u2019Outil&hellip;&nbsp;<a href=\"https:\/\/lecoindescouleurs.fr\/index.php\/notre-magasin\/\" class=\"\" rel=\"bookmark\">Read More &raquo;<span class=\"screen-reader-text\">Notre Magasin :<\/span><\/a><\/p>\n","protected":false},"author":1,"featured_media":0,"parent":0,"menu_order":0,"comment_status":"closed","ping_status":"closed","template":"","meta":{"_monsterinsights_skip_tracking":false,"_monsterinsights_sitenote_active":false,"_monsterinsights_sitenote_note":"","_monsterinsights_sitenote_category":0,"neve_meta_sidebar":"","neve_meta_container":"","neve_meta_enable_content_width":"","neve_meta_content_width":0,"neve_meta_title_alignment":"","neve_meta_author_avatar":"","neve_post_elements_order":"","neve_meta_disable_header":"","neve_meta_disable_footer":"","neve_meta_disable_title":"","_themeisle_gutenberg_block_has_review":false,"_ti_tpc_template_sync":false,"_ti_tpc_template_id":"","footnotes":""},"class_list":["post-511","page","type-page","status-publish","hentry"],"yoast_head":"<!-- This site is optimized with the Yoast SEO plugin v22.8 - https:\/\/yoast.com\/wordpress\/plugins\/seo\/ -->\n<title>Notre Magasin : -<\/title>\n<meta name=\"robots\" content=\"index, follow, max-snippet:-1, max-image-preview:large, max-video-preview:-1\" \/>\n<link rel=\"canonical\" href=\"https:\/\/lecoindescouleurs.fr\/index.php\/notre-magasin\/\" \/>\n<meta property=\"og:locale\" content=\"en_US\" \/>\n<meta property=\"og:type\" content=\"article\" \/>\n<meta property=\"og:title\" content=\"Notre Magasin : -\" \/>\n<meta property=\"og:description\" content=\"Chez Le Coin des Couleurs by FRP, nous sommes fiers de collaborer avec un r\u00e9seau exceptionnel de partenaires. Nous travaillons main dans la main avec des entreprises locales nationales et europ\u00e9ennes qui partagent notre passion pour la qualit\u00e9 et l&#8217;innovation. Nos partenaires sont Unikalo par le prisme de leur marque \u00e9cologique Na\u00e9, AREA 51, L\u2019Outil&hellip;&nbsp;Read More &raquo;Notre Magasin :\" \/>\n<meta property=\"og:url\" content=\"https:\/\/lecoindescouleurs.fr\/index.php\/notre-magasin\/\" \/>\n<meta property=\"article:modified_time\" content=\"2024-08-27T13:16:07+00:00\" \/>\n<meta property=\"og:image\" content=\"https:\/\/lecoindescouleurs.fr\/wp-content\/uploads\/2024\/06\/A7D09613-1-1024x683.jpg\" \/>\n<meta name=\"twitter:card\" content=\"summary_large_image\" \/>\n<meta name=\"twitter:label1\" content=\"Est. reading time\" \/>\n\t<meta name=\"twitter:data1\" content=\"3 minutes\" \/>\n<script type=\"application\/ld+json\" class=\"yoast-schema-graph\">{\"@context\":\"https:\/\/schema.org\",\"@graph\":[{\"@type\":\"WebPage\",\"@id\":\"https:\/\/lecoindescouleurs.fr\/index.php\/notre-magasin\/\",\"url\":\"https:\/\/lecoindescouleurs.fr\/index.php\/notre-magasin\/\",\"name\":\"Notre Magasin : -\",\"isPartOf\":{\"@id\":\"https:\/\/lecoindescouleurs.fr\/#website\"},\"primaryImageOfPage\":{\"@id\":\"https:\/\/lecoindescouleurs.fr\/index.php\/notre-magasin\/#primaryimage\"},\"image\":{\"@id\":\"https:\/\/lecoindescouleurs.fr\/index.php\/notre-magasin\/#primaryimage\"},\"thumbnailUrl\":\"https:\/\/lecoindescouleurs.fr\/wp-content\/uploads\/2024\/06\/A7D09613-1-1024x683.jpg\",\"datePublished\":\"2024-06-12T13:00:08+00:00\",\"dateModified\":\"2024-08-27T13:16:07+00:00\",\"breadcrumb\":{\"@id\":\"https:\/\/lecoindescouleurs.fr\/index.php\/notre-magasin\/#breadcrumb\"},\"inLanguage\":\"en-US\",\"potentialAction\":[{\"@type\":\"ReadAction\",\"target\":[\"https:\/\/lecoindescouleurs.fr\/index.php\/notre-magasin\/\"]}]},{\"@type\":\"ImageObject\",\"inLanguage\":\"en-US\",\"@id\":\"https:\/\/lecoindescouleurs.fr\/index.php\/notre-magasin\/#primaryimage\",\"url\":\"https:\/\/lecoindescouleurs.fr\/wp-content\/uploads\/2024\/06\/A7D09613-1-scaled.jpg\",\"contentUrl\":\"https:\/\/lecoindescouleurs.fr\/wp-content\/uploads\/2024\/06\/A7D09613-1-scaled.jpg\",\"width\":2560,\"height\":1707},{\"@type\":\"BreadcrumbList\",\"@id\":\"https:\/\/lecoindescouleurs.fr\/index.php\/notre-magasin\/#breadcrumb\",\"itemListElement\":[{\"@type\":\"ListItem\",\"position\":1,\"name\":\"Accueil\",\"item\":\"https:\/\/lecoindescouleurs.fr\/\"},{\"@type\":\"ListItem\",\"position\":2,\"name\":\"Notre Magasin :\"}]},{\"@type\":\"WebSite\",\"@id\":\"https:\/\/lecoindescouleurs.fr\/#website\",\"url\":\"https:\/\/lecoindescouleurs.fr\/\",\"name\":\"\",\"description\":\"\",\"potentialAction\":[{\"@type\":\"SearchAction\",\"target\":{\"@type\":\"EntryPoint\",\"urlTemplate\":\"https:\/\/lecoindescouleurs.fr\/?s={search_term_string}\"},\"query-input\":\"required name=search_term_string\"}],\"inLanguage\":\"en-US\"}]}<\/script>\n<!-- \/ Yoast SEO plugin. -->","yoast_head_json":{"title":"Notre Magasin : -","robots":{"index":"index","follow":"follow","max-snippet":"max-snippet:-1","max-image-preview":"max-image-preview:large","max-video-preview":"max-video-preview:-1"},"canonical":"https:\/\/lecoindescouleurs.fr\/index.php\/notre-magasin\/","og_locale":"en_US","og_type":"article","og_title":"Notre Magasin : -","og_description":"Chez Le Coin des Couleurs by FRP, nous sommes fiers de collaborer avec un r\u00e9seau exceptionnel de partenaires. Nous travaillons main dans la main avec des entreprises locales nationales et europ\u00e9ennes qui partagent notre passion pour la qualit\u00e9 et l&#8217;innovation. Nos partenaires sont Unikalo par le prisme de leur marque \u00e9cologique Na\u00e9, AREA 51, L\u2019Outil&hellip;&nbsp;Read More &raquo;Notre Magasin :","og_url":"https:\/\/lecoindescouleurs.fr\/index.php\/notre-magasin\/","article_modified_time":"2024-08-27T13:16:07+00:00","og_image":[{"url":"https:\/\/lecoindescouleurs.fr\/wp-content\/uploads\/2024\/06\/A7D09613-1-1024x683.jpg"}],"twitter_card":"summary_large_image","twitter_misc":{"Est. reading time":"3 minutes"},"schema":{"@context":"https:\/\/schema.org","@graph":[{"@type":"WebPage","@id":"https:\/\/lecoindescouleurs.fr\/index.php\/notre-magasin\/","url":"https:\/\/lecoindescouleurs.fr\/index.php\/notre-magasin\/","name":"Notre Magasin : -","isPartOf":{"@id":"https:\/\/lecoindescouleurs.fr\/#website"},"primaryImageOfPage":{"@id":"https:\/\/lecoindescouleurs.fr\/index.php\/notre-magasin\/#primaryimage"},"image":{"@id":"https:\/\/lecoindescouleurs.fr\/index.php\/notre-magasin\/#primaryimage"},"thumbnailUrl":"https:\/\/lecoindescouleurs.fr\/wp-content\/uploads\/2024\/06\/A7D09613-1-1024x683.jpg","datePublished":"2024-06-12T13:00:08+00:00","dateModified":"2024-08-27T13:16:07+00:00","breadcrumb":{"@id":"https:\/\/lecoindescouleurs.fr\/index.php\/notre-magasin\/#breadcrumb"},"inLanguage":"en-US","potentialAction":[{"@type":"ReadAction","target":["https:\/\/lecoindescouleurs.fr\/index.php\/notre-magasin\/"]}]},{"@type":"ImageObject","inLanguage":"en-US","@id":"https:\/\/lecoindescouleurs.fr\/index.php\/notre-magasin\/#primaryimage","url":"https:\/\/lecoindescouleurs.fr\/wp-content\/uploads\/2024\/06\/A7D09613-1-scaled.jpg","contentUrl":"https:\/\/lecoindescouleurs.fr\/wp-content\/uploads\/2024\/06\/A7D09613-1-scaled.jpg","width":2560,"height":1707},{"@type":"BreadcrumbList","@id":"https:\/\/lecoindescouleurs.fr\/index.php\/notre-magasin\/#breadcrumb","itemListElement":[{"@type":"ListItem","position":1,"name":"Accueil","item":"https:\/\/lecoindescouleurs.fr\/"},{"@type":"ListItem","position":2,"name":"Notre Magasin :"}]},{"@type":"WebSite","@id":"https:\/\/lecoindescouleurs.fr\/#website","url":"https:\/\/lecoindescouleurs.fr\/","name":"","description":"","potentialAction":[{"@type":"SearchAction","target":{"@type":"EntryPoint","urlTemplate":"https:\/\/lecoindescouleurs.fr\/?s={search_term_string}"},"query-input":"required name=search_term_string"}],"inLanguage":"en-US"}]}},"_links":{"self":[{"href":"https:\/\/lecoindescouleurs.fr\/index.php\/wp-json\/wp\/v2\/pages\/511","targetHints":{"allow":["GET"]}}],"collection":[{"href":"https:\/\/lecoindescouleurs.fr\/index.php\/wp-json\/wp\/v2\/pages"}],"about":[{"href":"https:\/\/lecoindescouleurs.fr\/index.php\/wp-json\/wp\/v2\/types\/page"}],"author":[{"embeddable":true,"href":"https:\/\/lecoindescouleurs.fr\/index.php\/wp-json\/wp\/v2\/users\/1"}],"replies":[{"embeddable":true,"href":"https:\/\/lecoindescouleurs.fr\/index.php\/wp-json\/wp\/v2\/comments?post=511"}],"version-history":[{"count":2,"href":"https:\/\/lecoindescouleurs.fr\/index.php\/wp-json\/wp\/v2\/pages\/511\/revisions"}],"predecessor-version":[{"id":565,"href":"https:\/\/lecoindescouleurs.fr\/index.php\/wp-json\/wp\/v2\/pages\/511\/revisions\/565"}],"wp:attachment":[{"href":"https:\/\/lecoindescouleurs.fr\/index.php\/wp-json\/wp\/v2\/media?parent=511"}],"curies":[{"name":"wp","href":"https:\/\/api.w.org\/{rel}","templated":true}]}}