{"id":61,"date":"2020-01-23T18:21:52","date_gmt":"2020-01-23T18:21:52","guid":{"rendered":"https:\/\/demosites.io\/web-agency-gb\/?page_id=61"},"modified":"2024-06-12T15:55:25","modified_gmt":"2024-06-12T13:55:25","slug":"15c42-web-agency-gb-about-us","status":"publish","type":"page","link":"https:\/\/lecoindescouleurs.fr\/index.php\/15c42-web-agency-gb-about-us\/","title":{"rendered":"A propos de nous"},"content":{"rendered":"\n<div class=\"wp-block-cover alignfull\" style=\"min-height:300px;aspect-ratio:unset;\"><span aria-hidden=\"true\" class=\"wp-block-cover__background has-nv-site-bg-background-color has-background-dim-100 has-background-dim\"><\/span><div class=\"wp-block-cover__inner-container is-layout-flow wp-block-cover-is-layout-flow\">\n<div class=\"wp-block-group\"><div class=\"wp-block-group__inner-container is-layout-flow wp-block-group-is-layout-flow\">\n<h1 class=\"wp-block-heading has-text-align-left has-neve-text-color-color has-text-color\">Qui sommes &#8211; nous ?<\/h1>\n<\/div><\/div>\n<\/div><\/div>\n\n\n\n<div class=\"wp-block-cover alignfull\" style=\"min-height:600px;aspect-ratio:unset;\"><span aria-hidden=\"true\" class=\"wp-block-cover__background has-nv-light-bg-background-color has-background-dim-100 has-background-dim\"><\/span><div class=\"wp-block-cover__inner-container is-layout-flow wp-block-cover-is-layout-flow\">\n<div class=\"wp-block-group\"><div class=\"wp-block-group__inner-container is-layout-flow wp-block-group-is-layout-flow\">\n<div style=\"height:80px\" aria-hidden=\"true\" class=\"wp-block-spacer\"><\/div>\n\n\n\n<div class=\"wp-block-columns are-vertically-aligned-center has-neve-text-color-color has-text-color is-layout-flex wp-container-core-columns-is-layout-9d6595d7 wp-block-columns-is-layout-flex\">\n<div class=\"wp-block-column is-vertically-aligned-center is-layout-flow wp-block-column-is-layout-flow\" style=\"flex-basis:50%\">\n<figure class=\"wp-block-image size-large\"><img loading=\"lazy\" decoding=\"async\" width=\"683\" height=\"1024\" src=\"http:\/\/lecoindescouleurs.fr\/wp-content\/uploads\/2024\/06\/A7D09571-683x1024.jpg\" alt=\"\" class=\"wp-image-410\" srcset=\"https:\/\/lecoindescouleurs.fr\/wp-content\/uploads\/2024\/06\/A7D09571-683x1024.jpg 683w, https:\/\/lecoindescouleurs.fr\/wp-content\/uploads\/2024\/06\/A7D09571-200x300.jpg 200w, https:\/\/lecoindescouleurs.fr\/wp-content\/uploads\/2024\/06\/A7D09571-768x1152.jpg 768w, https:\/\/lecoindescouleurs.fr\/wp-content\/uploads\/2024\/06\/A7D09571-1024x1536.jpg 1024w, https:\/\/lecoindescouleurs.fr\/wp-content\/uploads\/2024\/06\/A7D09571-1365x2048.jpg 1365w, https:\/\/lecoindescouleurs.fr\/wp-content\/uploads\/2024\/06\/A7D09571-scaled.jpg 1707w\" sizes=\"auto, (max-width: 683px) 100vw, 683px\" \/><\/figure>\n<\/div>\n\n\n\n<div class=\"wp-block-column is-vertically-aligned-center is-layout-flow wp-block-column-is-layout-flow\" style=\"flex-basis:50%\">\n<h2 class=\"wp-block-heading has-neve-text-color-color has-text-color\">Notre Histoire<\/h2>\n\n\n\n<p class=\"has-neve-text-color-color has-text-color\">Le Coin des Couleurs by FRP est le fruit d&#8217;une v\u00e9ritable aventure familiale. Tout a commenc\u00e9 en 2006, lorsque nous avons lanc\u00e9 notre entreprise de peinture en b\u00e2timent avec l&#8217;ambition de transformer les int\u00e9rieurs et ext\u00e9rieurs de nos clients gr\u00e2ce \u00e0 notre savoir-faire et notre passion pour les couleurs.<\/p>\n\n\n\n<p class=\"has-neve-text-color-color has-text-color\"> Ann\u00e9e apr\u00e8s ann\u00e9e, notre expertise et notre d\u00e9vouement nous ont permis de gagner la confiance de nos clients et de faire grandir notre entreprise.<\/p>\n\n\n\n<p class=\"has-neve-text-color-color has-text-color\"> Aujourd&#8217;hui, nous sommes fiers de vous accueillir dans notre magasin, o\u00f9 nous proposons une vaste s\u00e9lection de peintures de qualit\u00e9 et d&#8217;outils professionnels.<\/p>\n\n\n\n<p class=\"has-neve-text-color-color has-text-color\"> En restant fid\u00e8les \u00e0 nos valeurs familiales, et en mettant \u00e0 profit toutes nos ann\u00e9es d\u2019exp\u00e9rience en tant qu\u2019applicateurs de nos produits, nous mettons un point d&#8217;honneur \u00e0 offrir un service personnalis\u00e9 et \u00e0 partager notre passion pour la d\u00e9coration avec chacun de nos clients.<\/p>\n\n\n\n<p class=\"has-neve-text-color-color has-text-color\"> Notre histoire continue, et nous sommes ravis de pouvoir la partager avec vous.<\/p>\n<\/div>\n<\/div>\n\n\n\n<div style=\"height:40px\" aria-hidden=\"true\" class=\"wp-block-spacer\"><\/div>\n<\/div><\/div>\n<\/div><\/div>\n\n\n\n<div class=\"wp-block-cover alignfull\" style=\"min-height:600px;aspect-ratio:unset;\"><span aria-hidden=\"true\" class=\"wp-block-cover__background has-nv-dark-bg-background-color has-background-dim-100 has-background-dim\"><\/span><div class=\"wp-block-cover__inner-container is-layout-flow wp-block-cover-is-layout-flow\">\n<div class=\"wp-block-group\"><div class=\"wp-block-group__inner-container is-layout-flow wp-block-group-is-layout-flow\">\n<div style=\"height:80px\" aria-hidden=\"true\" class=\"wp-block-spacer\"><\/div>\n\n\n\n<div class=\"wp-block-columns are-vertically-aligned-center is-layout-flex wp-container-core-columns-is-layout-9d6595d7 wp-block-columns-is-layout-flex\">\n<div class=\"wp-block-column is-vertically-aligned-center is-layout-flow wp-block-column-is-layout-flow\" style=\"flex-basis:50%\">\n<h2 class=\"wp-block-heading has-nv-text-dark-bg-color has-text-color\">Frey Rev\u00eatement Peinture<\/h2>\n\n\n\n<p class=\"has-nv-text-dark-bg-color has-text-color\">Fond\u00e9 en 2020, &#8220;Frey Rev\u00eatement peinture&#8221; a succ\u00e9d\u00e9 \u00e0 &#8220;Frey Peinture&#8221;.<\/p>\n\n\n\n<p class=\"has-nv-text-dark-bg-color has-text-color\">Notre entreprise familiale compte actuellement 6 employ\u00e9s, tous ayant le d\u00e9sir de faire du bon travail.<\/p>\n\n\n\n<p class=\"has-nv-text-dark-bg-color has-text-color\"> Nous offrons des services de peinture et d\u00e9coration adapt\u00e9s \u00e0 vos besoins. Contactez-nous d\u00e8s aujourd&#8217;hui pour une consultation gratuite et d\u00e9couvrez la diff\u00e9rence que notre expertise sur le terrain peut apporter.<\/p>\n\n\n\n<p><\/p>\n\n\n\n<div style=\"height:20px\" aria-hidden=\"true\" class=\"wp-block-spacer\"><\/div>\n\n\n\n<div class=\"wp-block-buttons is-layout-flex wp-block-buttons-is-layout-flex\">\n<div class=\"wp-block-button is-style-primary\"><a class=\"wp-block-button__link wp-element-button\" href=\"https:\/\/lecoindescouleurs.fr\/web-agency-gb-contact-us\/\">Demande de Devis<\/a><\/div>\n<\/div>\n\n\n\n<div style=\"height:20px\" aria-hidden=\"true\" class=\"wp-block-spacer\"><\/div>\n<\/div>\n\n\n\n<div class=\"wp-block-column is-vertically-aligned-center is-layout-flow wp-block-column-is-layout-flow\" style=\"flex-basis:50%\">\n<figure class=\"wp-block-image size-full\"><img loading=\"lazy\" decoding=\"async\" width=\"650\" height=\"452\" src=\"http:\/\/lecoindescouleurs.fr\/wp-content\/uploads\/2024\/06\/preview.jpeg\" alt=\"\" class=\"wp-image-439\" srcset=\"https:\/\/lecoindescouleurs.fr\/wp-content\/uploads\/2024\/06\/preview.jpeg 650w, https:\/\/lecoindescouleurs.fr\/wp-content\/uploads\/2024\/06\/preview-300x209.jpeg 300w\" sizes=\"auto, (max-width: 650px) 100vw, 650px\" \/><\/figure>\n<\/div>\n<\/div>\n\n\n\n<div style=\"height:40px\" aria-hidden=\"true\" class=\"wp-block-spacer\"><\/div>\n<\/div><\/div>\n<\/div><\/div>\n\n\n\n<div class=\"wp-block-cover alignfull\" style=\"min-height:420px;aspect-ratio:unset;\"><span aria-hidden=\"true\" class=\"wp-block-cover__background has-nv-site-bg-background-color has-background-dim-100 has-background-dim\"><\/span><div class=\"wp-block-cover__inner-container is-layout-flow wp-block-cover-is-layout-flow\">\n<div style=\"height:80px\" aria-hidden=\"true\" class=\"wp-block-spacer\"><\/div>\n\n\n\n<div class=\"wp-block-columns is-layout-flex wp-container-core-columns-is-layout-9d6595d7 wp-block-columns-is-layout-flex\">\n<div class=\"wp-block-column ticss-4ce656f1 is-layout-flow wp-block-column-is-layout-flow\">\n<figure class=\"wp-block-image size-large icon-style is-style-rounded\"><img loading=\"lazy\" decoding=\"async\" width=\"72\" height=\"72\" src=\"http:\/\/lecoindescouleurs.fr\/wp-content\/uploads\/2020\/01\/neve-webdesign-GB-03.png\" alt=\"\" class=\"wp-image-20\"\/><\/figure>\n\n\n\n<div style=\"height:24px\" aria-hidden=\"true\" class=\"wp-block-spacer\"><\/div>\n\n\n\n<h3 class=\"wp-block-heading has-text-align-left has-text-align-center has-neve-text-color-color has-text-color\">18 ans d&#8217;exp\u00e9rience<\/h3>\n\n\n\n<p class=\"has-text-align-left has-neve-text-color-color has-text-color\" style=\"font-size:15px\"><\/p>\n\n\n\n<div style=\"height:20px\" aria-hidden=\"true\" class=\"wp-block-spacer\"><\/div>\n<\/div>\n\n\n\n<div class=\"wp-block-column ticss-f6fc7494 is-layout-flow wp-block-column-is-layout-flow\">\n<figure class=\"wp-block-image size-large icon-style is-style-rounded\"><img loading=\"lazy\" decoding=\"async\" width=\"72\" height=\"72\" src=\"http:\/\/lecoindescouleurs.fr\/wp-content\/uploads\/2020\/01\/neve-webdesign-GB-03.png\" alt=\"\" class=\"wp-image-20\"\/><\/figure>\n\n\n\n<div style=\"height:24px\" aria-hidden=\"true\" class=\"wp-block-spacer\"><\/div>\n\n\n\n<h3 class=\"wp-block-heading has-text-align-left has-text-align-center has-neve-text-color-color has-text-color\">Conseils sur mesure<\/h3>\n\n\n\n<p class=\"has-text-align-left has-neve-text-color-color has-text-color\" style=\"font-size:15px\"><\/p>\n\n\n\n<div style=\"height:20px\" aria-hidden=\"true\" class=\"wp-block-spacer\"><\/div>\n<\/div>\n\n\n\n<div class=\"wp-block-column ticss-a5b4df29 is-layout-flow wp-block-column-is-layout-flow\">\n<figure class=\"wp-block-image size-large icon-style is-style-rounded\"><img loading=\"lazy\" decoding=\"async\" width=\"72\" height=\"72\" src=\"http:\/\/lecoindescouleurs.fr\/wp-content\/uploads\/2020\/01\/neve-webdesign-GB-03.png\" alt=\"\" class=\"wp-image-20\"\/><\/figure>\n\n\n\n<div style=\"height:24px\" aria-hidden=\"true\" class=\"wp-block-spacer\"><\/div>\n\n\n\n<h3 class=\"wp-block-heading has-text-align-left has-text-align-center has-neve-text-color-color has-text-color\">Service apr\u00e8s-ventes             Clients garantie<\/h3>\n\n\n\n<p class=\"has-text-align-left has-neve-text-color-color has-text-color\" style=\"font-size:15px\"><\/p>\n\n\n\n<div style=\"height:20px\" aria-hidden=\"true\" class=\"wp-block-spacer\"><\/div>\n<\/div>\n<\/div>\n\n\n\n<div style=\"height:30px\" aria-hidden=\"true\" class=\"wp-block-spacer\"><\/div>\n<\/div><\/div>\n\n\n\n<div class=\"wp-block-cover alignfull\" style=\"min-height:600px;aspect-ratio:unset;\"><span aria-hidden=\"true\" class=\"wp-block-cover__background has-nv-light-bg-background-color has-background-dim-100 has-background-dim\"><\/span><div class=\"wp-block-cover__inner-container is-layout-flow wp-block-cover-is-layout-flow\">\n<div class=\"wp-block-group\"><div class=\"wp-block-group__inner-container is-layout-flow wp-block-group-is-layout-flow\">\n<div style=\"height:80px\" aria-hidden=\"true\" class=\"wp-block-spacer\"><\/div>\n\n\n\n<div class=\"wp-block-columns is-layout-flex wp-container-core-columns-is-layout-9d6595d7 wp-block-columns-is-layout-flex\">\n<div class=\"wp-block-column is-layout-flow wp-block-column-is-layout-flow\"><div class=\"wp-block-image is-style-rounded\">\n<figure class=\"aligncenter size-large is-resized\"><img loading=\"lazy\" decoding=\"async\" width=\"681\" height=\"1024\" src=\"http:\/\/lecoindescouleurs.fr\/wp-content\/uploads\/2024\/06\/IMG_8846-681x1024.jpeg\" alt=\"\" class=\"wp-image-534\" style=\"width:163px;height:auto\" srcset=\"https:\/\/lecoindescouleurs.fr\/wp-content\/uploads\/2024\/06\/IMG_8846-681x1024.jpeg 681w, https:\/\/lecoindescouleurs.fr\/wp-content\/uploads\/2024\/06\/IMG_8846-199x300.jpeg 199w, https:\/\/lecoindescouleurs.fr\/wp-content\/uploads\/2024\/06\/IMG_8846-768x1156.jpeg 768w, https:\/\/lecoindescouleurs.fr\/wp-content\/uploads\/2024\/06\/IMG_8846-1021x1536.jpeg 1021w, https:\/\/lecoindescouleurs.fr\/wp-content\/uploads\/2024\/06\/IMG_8846.jpeg 1062w\" sizes=\"auto, (max-width: 681px) 100vw, 681px\" \/><\/figure>\n<\/div>\n\n\n<div style=\"height:24px\" aria-hidden=\"true\" class=\"wp-block-spacer\"><\/div>\n\n\n\n<h3 class=\"wp-block-heading has-text-align-center has-neve-text-color-color has-text-color\">David Frey<\/h3>\n\n\n\n<p class=\"has-text-align-center has-neve-text-color-color has-text-color\">Pr\u00e9sident<\/p>\n\n\n\n<div style=\"height:40px\" aria-hidden=\"true\" class=\"wp-block-spacer\"><\/div>\n<\/div>\n\n\n\n<div class=\"wp-block-column is-layout-flow wp-block-column-is-layout-flow\"><div class=\"wp-block-image is-style-rounded\">\n<figure class=\"aligncenter size-full\"><img loading=\"lazy\" decoding=\"async\" width=\"2560\" height=\"1707\" src=\"http:\/\/lecoindescouleurs.fr\/wp-content\/uploads\/2024\/06\/IMG_0247-scaled.jpg\" alt=\"\" class=\"wp-image-531\" srcset=\"https:\/\/lecoindescouleurs.fr\/wp-content\/uploads\/2024\/06\/IMG_0247-scaled.jpg 2560w, https:\/\/lecoindescouleurs.fr\/wp-content\/uploads\/2024\/06\/IMG_0247-300x200.jpg 300w, https:\/\/lecoindescouleurs.fr\/wp-content\/uploads\/2024\/06\/IMG_0247-1024x683.jpg 1024w, https:\/\/lecoindescouleurs.fr\/wp-content\/uploads\/2024\/06\/IMG_0247-768x512.jpg 768w, https:\/\/lecoindescouleurs.fr\/wp-content\/uploads\/2024\/06\/IMG_0247-1536x1024.jpg 1536w, https:\/\/lecoindescouleurs.fr\/wp-content\/uploads\/2024\/06\/IMG_0247-2048x1365.jpg 2048w, https:\/\/lecoindescouleurs.fr\/wp-content\/uploads\/2024\/06\/IMG_0247-930x620.jpg 930w\" sizes=\"auto, (max-width: 2560px) 100vw, 2560px\" \/><\/figure>\n<\/div>\n\n\n<div style=\"height:24px\" aria-hidden=\"true\" class=\"wp-block-spacer\"><\/div>\n\n\n\n<h3 class=\"wp-block-heading has-text-align-center has-neve-text-color-color has-text-color\">St\u00e9phanie Frey<\/h3>\n\n\n\n<p class=\"has-text-align-center has-neve-text-color-color has-text-color\">Responsable Showroom D\u00e9coration<\/p>\n\n\n\n<div style=\"height:40px\" aria-hidden=\"true\" class=\"wp-block-spacer\"><\/div>\n<\/div>\n\n\n\n<div class=\"wp-block-column is-layout-flow wp-block-column-is-layout-flow\"><div class=\"wp-block-image is-style-rounded\">\n<figure class=\"aligncenter size-full\"><img loading=\"lazy\" decoding=\"async\" width=\"2560\" height=\"1707\" src=\"http:\/\/lecoindescouleurs.fr\/wp-content\/uploads\/2024\/06\/IMG_1208-scaled.jpg\" alt=\"\" class=\"wp-image-532\" srcset=\"https:\/\/lecoindescouleurs.fr\/wp-content\/uploads\/2024\/06\/IMG_1208-scaled.jpg 2560w, https:\/\/lecoindescouleurs.fr\/wp-content\/uploads\/2024\/06\/IMG_1208-300x200.jpg 300w, https:\/\/lecoindescouleurs.fr\/wp-content\/uploads\/2024\/06\/IMG_1208-1024x683.jpg 1024w, https:\/\/lecoindescouleurs.fr\/wp-content\/uploads\/2024\/06\/IMG_1208-768x512.jpg 768w, https:\/\/lecoindescouleurs.fr\/wp-content\/uploads\/2024\/06\/IMG_1208-1536x1024.jpg 1536w, https:\/\/lecoindescouleurs.fr\/wp-content\/uploads\/2024\/06\/IMG_1208-2048x1366.jpg 2048w, https:\/\/lecoindescouleurs.fr\/wp-content\/uploads\/2024\/06\/IMG_1208-930x620.jpg 930w\" sizes=\"auto, (max-width: 2560px) 100vw, 2560px\" \/><\/figure>\n<\/div>\n\n\n<div style=\"height:24px\" aria-hidden=\"true\" class=\"wp-block-spacer\"><\/div>\n\n\n\n<h3 class=\"wp-block-heading has-text-align-center has-neve-text-color-color has-text-color\">Eric Frey<\/h3>\n\n\n\n<p class=\"has-text-align-center has-neve-text-color-color has-text-color\">Charg\u00e9 d&#8217;affaires<\/p>\n\n\n\n<div style=\"height:40px\" aria-hidden=\"true\" class=\"wp-block-spacer\"><\/div>\n<\/div>\n<\/div>\n\n\n\n<div style=\"height:40px\" aria-hidden=\"true\" class=\"wp-block-spacer\"><\/div>\n<\/div><\/div>\n<\/div><\/div>\n","protected":false},"excerpt":{"rendered":"","protected":false},"author":1,"featured_media":0,"parent":0,"menu_order":0,"comment_status":"closed","ping_status":"closed","template":"","meta":{"_monsterinsights_skip_tracking":false,"_monsterinsights_sitenote_active":false,"_monsterinsights_sitenote_note":"","_monsterinsights_sitenote_category":0,"neve_meta_sidebar":"default","neve_meta_container":"default","neve_meta_enable_content_width":"on","neve_meta_content_width":100,"neve_meta_title_alignment":"","neve_meta_author_avatar":"","neve_post_elements_order":"","neve_meta_disable_header":"","neve_meta_disable_footer":"","neve_meta_disable_title":"on","_themeisle_gutenberg_block_has_review":false,"_ti_tpc_template_sync":false,"_ti_tpc_template_id":"eex7gnweb2m8vo93cr1g","footnotes":""},"class_list":["post-61","page","type-page","status-publish","hentry"],"yoast_head":"<!-- This site is optimized with the Yoast SEO plugin v22.8 - https:\/\/yoast.com\/wordpress\/plugins\/seo\/ -->\n<title>A propos de nous -<\/title>\n<meta name=\"robots\" content=\"index, follow, max-snippet:-1, max-image-preview:large, max-video-preview:-1\" \/>\n<link rel=\"canonical\" href=\"https:\/\/lecoindescouleurs.fr\/index.php\/15c42-web-agency-gb-about-us\/\" \/>\n<meta property=\"og:locale\" content=\"en_US\" \/>\n<meta property=\"og:type\" content=\"article\" \/>\n<meta property=\"og:title\" content=\"A propos de nous -\" \/>\n<meta property=\"og:url\" content=\"https:\/\/lecoindescouleurs.fr\/index.php\/15c42-web-agency-gb-about-us\/\" \/>\n<meta property=\"article:modified_time\" content=\"2024-06-12T13:55:25+00:00\" \/>\n<meta property=\"og:image\" content=\"http:\/\/lecoindescouleurs.fr\/wp-content\/uploads\/2024\/06\/A7D09571-683x1024.jpg\" \/>\n<meta name=\"twitter:card\" content=\"summary_large_image\" \/>\n<meta name=\"twitter:label1\" content=\"Est. reading time\" \/>\n\t<meta name=\"twitter:data1\" content=\"3 minutes\" \/>\n<script type=\"application\/ld+json\" class=\"yoast-schema-graph\">{\"@context\":\"https:\/\/schema.org\",\"@graph\":[{\"@type\":\"WebPage\",\"@id\":\"https:\/\/lecoindescouleurs.fr\/index.php\/15c42-web-agency-gb-about-us\/\",\"url\":\"https:\/\/lecoindescouleurs.fr\/index.php\/15c42-web-agency-gb-about-us\/\",\"name\":\"A propos de nous -\",\"isPartOf\":{\"@id\":\"https:\/\/lecoindescouleurs.fr\/#website\"},\"primaryImageOfPage\":{\"@id\":\"https:\/\/lecoindescouleurs.fr\/index.php\/15c42-web-agency-gb-about-us\/#primaryimage\"},\"image\":{\"@id\":\"https:\/\/lecoindescouleurs.fr\/index.php\/15c42-web-agency-gb-about-us\/#primaryimage\"},\"thumbnailUrl\":\"http:\/\/lecoindescouleurs.fr\/wp-content\/uploads\/2024\/06\/A7D09571-683x1024.jpg\",\"datePublished\":\"2020-01-23T18:21:52+00:00\",\"dateModified\":\"2024-06-12T13:55:25+00:00\",\"breadcrumb\":{\"@id\":\"https:\/\/lecoindescouleurs.fr\/index.php\/15c42-web-agency-gb-about-us\/#breadcrumb\"},\"inLanguage\":\"en-US\",\"potentialAction\":[{\"@type\":\"ReadAction\",\"target\":[\"https:\/\/lecoindescouleurs.fr\/index.php\/15c42-web-agency-gb-about-us\/\"]}]},{\"@type\":\"ImageObject\",\"inLanguage\":\"en-US\",\"@id\":\"https:\/\/lecoindescouleurs.fr\/index.php\/15c42-web-agency-gb-about-us\/#primaryimage\",\"url\":\"https:\/\/lecoindescouleurs.fr\/wp-content\/uploads\/2024\/06\/A7D09571-scaled.jpg\",\"contentUrl\":\"https:\/\/lecoindescouleurs.fr\/wp-content\/uploads\/2024\/06\/A7D09571-scaled.jpg\",\"width\":1707,\"height\":2560},{\"@type\":\"BreadcrumbList\",\"@id\":\"https:\/\/lecoindescouleurs.fr\/index.php\/15c42-web-agency-gb-about-us\/#breadcrumb\",\"itemListElement\":[{\"@type\":\"ListItem\",\"position\":1,\"name\":\"Accueil\",\"item\":\"https:\/\/lecoindescouleurs.fr\/\"},{\"@type\":\"ListItem\",\"position\":2,\"name\":\"A propos de nous\"}]},{\"@type\":\"WebSite\",\"@id\":\"https:\/\/lecoindescouleurs.fr\/#website\",\"url\":\"https:\/\/lecoindescouleurs.fr\/\",\"name\":\"\",\"description\":\"\",\"potentialAction\":[{\"@type\":\"SearchAction\",\"target\":{\"@type\":\"EntryPoint\",\"urlTemplate\":\"https:\/\/lecoindescouleurs.fr\/?s={search_term_string}\"},\"query-input\":\"required name=search_term_string\"}],\"inLanguage\":\"en-US\"}]}<\/script>\n<!-- \/ Yoast SEO plugin. -->","yoast_head_json":{"title":"A propos de nous -","robots":{"index":"index","follow":"follow","max-snippet":"max-snippet:-1","max-image-preview":"max-image-preview:large","max-video-preview":"max-video-preview:-1"},"canonical":"https:\/\/lecoindescouleurs.fr\/index.php\/15c42-web-agency-gb-about-us\/","og_locale":"en_US","og_type":"article","og_title":"A propos de nous -","og_url":"https:\/\/lecoindescouleurs.fr\/index.php\/15c42-web-agency-gb-about-us\/","article_modified_time":"2024-06-12T13:55:25+00:00","og_image":[{"url":"http:\/\/lecoindescouleurs.fr\/wp-content\/uploads\/2024\/06\/A7D09571-683x1024.jpg"}],"twitter_card":"summary_large_image","twitter_misc":{"Est. reading time":"3 minutes"},"schema":{"@context":"https:\/\/schema.org","@graph":[{"@type":"WebPage","@id":"https:\/\/lecoindescouleurs.fr\/index.php\/15c42-web-agency-gb-about-us\/","url":"https:\/\/lecoindescouleurs.fr\/index.php\/15c42-web-agency-gb-about-us\/","name":"A propos de nous -","isPartOf":{"@id":"https:\/\/lecoindescouleurs.fr\/#website"},"primaryImageOfPage":{"@id":"https:\/\/lecoindescouleurs.fr\/index.php\/15c42-web-agency-gb-about-us\/#primaryimage"},"image":{"@id":"https:\/\/lecoindescouleurs.fr\/index.php\/15c42-web-agency-gb-about-us\/#primaryimage"},"thumbnailUrl":"http:\/\/lecoindescouleurs.fr\/wp-content\/uploads\/2024\/06\/A7D09571-683x1024.jpg","datePublished":"2020-01-23T18:21:52+00:00","dateModified":"2024-06-12T13:55:25+00:00","breadcrumb":{"@id":"https:\/\/lecoindescouleurs.fr\/index.php\/15c42-web-agency-gb-about-us\/#breadcrumb"},"inLanguage":"en-US","potentialAction":[{"@type":"ReadAction","target":["https:\/\/lecoindescouleurs.fr\/index.php\/15c42-web-agency-gb-about-us\/"]}]},{"@type":"ImageObject","inLanguage":"en-US","@id":"https:\/\/lecoindescouleurs.fr\/index.php\/15c42-web-agency-gb-about-us\/#primaryimage","url":"https:\/\/lecoindescouleurs.fr\/wp-content\/uploads\/2024\/06\/A7D09571-scaled.jpg","contentUrl":"https:\/\/lecoindescouleurs.fr\/wp-content\/uploads\/2024\/06\/A7D09571-scaled.jpg","width":1707,"height":2560},{"@type":"BreadcrumbList","@id":"https:\/\/lecoindescouleurs.fr\/index.php\/15c42-web-agency-gb-about-us\/#breadcrumb","itemListElement":[{"@type":"ListItem","position":1,"name":"Accueil","item":"https:\/\/lecoindescouleurs.fr\/"},{"@type":"ListItem","position":2,"name":"A propos de nous"}]},{"@type":"WebSite","@id":"https:\/\/lecoindescouleurs.fr\/#website","url":"https:\/\/lecoindescouleurs.fr\/","name":"","description":"","potentialAction":[{"@type":"SearchAction","target":{"@type":"EntryPoint","urlTemplate":"https:\/\/lecoindescouleurs.fr\/?s={search_term_string}"},"query-input":"required name=search_term_string"}],"inLanguage":"en-US"}]}},"_links":{"self":[{"href":"https:\/\/lecoindescouleurs.fr\/index.php\/wp-json\/wp\/v2\/pages\/61","targetHints":{"allow":["GET"]}}],"collection":[{"href":"https:\/\/lecoindescouleurs.fr\/index.php\/wp-json\/wp\/v2\/pages"}],"about":[{"href":"https:\/\/lecoindescouleurs.fr\/index.php\/wp-json\/wp\/v2\/types\/page"}],"author":[{"embeddable":true,"href":"https:\/\/lecoindescouleurs.fr\/index.php\/wp-json\/wp\/v2\/users\/1"}],"replies":[{"embeddable":true,"href":"https:\/\/lecoindescouleurs.fr\/index.php\/wp-json\/wp\/v2\/comments?post=61"}],"version-history":[{"count":9,"href":"https:\/\/lecoindescouleurs.fr\/index.php\/wp-json\/wp\/v2\/pages\/61\/revisions"}],"predecessor-version":[{"id":541,"href":"https:\/\/lecoindescouleurs.fr\/index.php\/wp-json\/wp\/v2\/pages\/61\/revisions\/541"}],"wp:attachment":[{"href":"https:\/\/lecoindescouleurs.fr\/index.php\/wp-json\/wp\/v2\/media?parent=61"}],"curies":[{"name":"wp","href":"https:\/\/api.w.org\/{rel}","templated":true}]}}